{"id":2123,"date":"2023-07-10T22:07:41","date_gmt":"2023-07-10T22:07:41","guid":{"rendered":"https:\/\/cadellascimmia.com\/?page_id=2123"},"modified":"2025-11-23T12:38:02","modified_gmt":"2025-11-23T12:38:02","slug":"innovazione","status":"publish","type":"page","link":"https:\/\/cadellascimmia.com\/en\/innovazione\/","title":{"rendered":"Interventi di Innovazione Digitale"},"content":{"rendered":"<p><img loading=\"lazy\" decoding=\"async\" class=\"aligncenter wp-image-2141 size-large\" src=\"https:\/\/cadellascimmia.com\/wp-content\/uploads\/2025\/11\/por-1024x341.png\" alt=\"\" width=\"1024\" height=\"341\" srcset=\"https:\/\/cadellascimmia.com\/wp-content\/uploads\/2025\/11\/por-1024x341.png 1024w, https:\/\/cadellascimmia.com\/wp-content\/uploads\/2025\/11\/por-300x100.png 300w, https:\/\/cadellascimmia.com\/wp-content\/uploads\/2025\/11\/por-768x256.png 768w, https:\/\/cadellascimmia.com\/wp-content\/uploads\/2025\/11\/por-1536x512.png 1536w, https:\/\/cadellascimmia.com\/wp-content\/uploads\/2025\/11\/por-2048x683.png 2048w\" sizes=\"auto, (max-width: 1024px) 100vw, 1024px\" \/><\/p>\n<div style=\"font-family: Verdana, sans-serif;\">\n<div style=\"clear: both;\"><\/div>\n<p><strong>Asse 3<\/strong><br \/>\n<strong> Competitivit\u00e0 dei settori produttivi<\/strong><br \/>\n&nbsp;<br \/>\n<strong>3.3.4. sub C<\/strong><br \/>\n<strong>Sostegno alla competitivita&#8217; delle imprese nelle destinazioni turistiche, attraverso interventi di qualificazione dell&#8217;offerta e innovazione di prodotto e servizio<\/strong><br \/>\n&nbsp;<br \/>\n<strong>Pianificazione, organizzazione e controllo di azioni strategiche volte a qualificare l&#8217;offerta tramite azioni di innovazione di prodotto, visibilit\u00e0 web, adozione di nuovi strumenti digitali di gestione delle azioni commerciali e di massimizzazione delle performance aziendali, con sviluppo e diversificazione della gamma di servizi offerti.<\/strong><\/p>\n<div style=\"float: right; margin-left: 20px;\">\n&nbsp;<br \/>&nbsp;<br \/>&nbsp;<br \/>&nbsp;<br \/>\n<img loading=\"lazy\" decoding=\"async\" class=\"alignnone size-medium wp-image-2154\" style=\"display: block; margin-bottom: 10px;\" src=\"https:\/\/cadellascimmia.com\/wp-content\/uploads\/2025\/11\/Immagine-WhatsApp-2025-11-23-ore-11.51.04_47608b46-300x225.jpg\" alt=\"\" width=\"350\" height=\"260\" \/><img loading=\"lazy\" decoding=\"async\" class=\"alignnone size-medium wp-image-2152\" style=\"display: block;\" src=\"https:\/\/cadellascimmia.com\/wp-content\/uploads\/2025\/11\/Immagine-WhatsApp-2025-11-23-ore-11.51.04_e3b2ac52-300x225.jpg\" alt=\"\" width=\"350\" height=\"260\" \/>&nbsp;<br \/>&nbsp;\n<\/div>\n<p>&nbsp;<br \/>&nbsp;<br \/>\nSi \u00e8 partiti da un articolato Piano di interventi orientati specificamente all&#8217;innovazione digitale dei nostri strumenti e metodi di lavoro.<br \/>\n&nbsp;<br \/>\nIn particolare, la nostra concentrazione si \u00e8 rivolta sulla possibilit\u00e0 di approfondire qualit\u00e0 ed attendibilit\u00e0 delle nostre analisi di mercato della destinazione di appartenenza e delle performance aziendali, che sono alla base delle decisioni strategiche ed operative dell&#8217;azienda.<br \/>\n&nbsp;<br \/>\nSi \u00e8 poi operato affrontando un&#8217;opportuna riorganizzazione delle risorse, con attribuzione di nuove mansioni e metodologie di lavoro, da quelle strategiche a quelle operative e quotidiane come il revenue management o il customer relation management.<br \/>\n&nbsp;<br \/>\nLe azioni conseguenti si sono concentrate su interventi d&#8217;innovazione di prodotto, maggiore visibilit\u00e0 web, adozione di nuovi strumenti digitali di gestione delle azioni commerciali e attivit\u00e0 continuativa di massimizzazione delle performance aziendali con conseguente sviluppo e diversificazione della gamma di servizi offerti.<\/p>\n<\/div>\n","protected":false},"excerpt":{"rendered":"<p>Asse 3 Competitivit\u00e0 dei settori produttivi &nbsp; 3.3.4. sub C Sostegno alla competitivita&#8217; delle imprese nelle destinazioni turistiche, attraverso interventi di qualificazione dell&#8217;offerta e innovazione di prodotto e servizio &nbsp; Pianificazione, organizzazione e controllo di azioni strategiche volte a qualificare l&#8217;offerta tramite azioni di innovazione di prodotto, visibilit\u00e0 web, adozione di nuovi strumenti digitali di [&hellip;]<\/p>\n","protected":false},"author":5,"featured_media":0,"parent":0,"menu_order":0,"comment_status":"closed","ping_status":"closed","template":"page-privacy.php","meta":{"inline_featured_image":false,"footnotes":""},"class_list":["post-2123","page","type-page","status-publish","hentry"],"acf":[],"_links":{"self":[{"href":"https:\/\/cadellascimmia.com\/en\/wp-json\/wp\/v2\/pages\/2123","targetHints":{"allow":["GET"]}}],"collection":[{"href":"https:\/\/cadellascimmia.com\/en\/wp-json\/wp\/v2\/pages"}],"about":[{"href":"https:\/\/cadellascimmia.com\/en\/wp-json\/wp\/v2\/types\/page"}],"author":[{"embeddable":true,"href":"https:\/\/cadellascimmia.com\/en\/wp-json\/wp\/v2\/users\/5"}],"replies":[{"embeddable":true,"href":"https:\/\/cadellascimmia.com\/en\/wp-json\/wp\/v2\/comments?post=2123"}],"version-history":[{"count":35,"href":"https:\/\/cadellascimmia.com\/en\/wp-json\/wp\/v2\/pages\/2123\/revisions"}],"predecessor-version":[{"id":2172,"href":"https:\/\/cadellascimmia.com\/en\/wp-json\/wp\/v2\/pages\/2123\/revisions\/2172"}],"wp:attachment":[{"href":"https:\/\/cadellascimmia.com\/en\/wp-json\/wp\/v2\/media?parent=2123"}],"curies":[{"name":"wp","href":"https:\/\/api.w.org\/{rel}","templated":true}]}}